{"id":654,"date":"2021-07-13T10:13:23","date_gmt":"2021-07-13T13:13:23","guid":{"rendered":"https:\/\/keepsprofissional.com.br\/?page_id=654"},"modified":"2021-09-03T09:07:06","modified_gmt":"2021-09-03T12:07:06","slug":"quemsomos","status":"publish","type":"page","link":"https:\/\/keepsprofissional.com.br\/?page_id=654","title":{"rendered":"Quem Somos"},"content":{"rendered":"\t\t<div data-elementor-type=\"wp-page\" data-elementor-id=\"654\" class=\"elementor elementor-654\" data-elementor-post-type=\"page\">\n\t\t\t\t\t\t<section class=\"elementor-section elementor-top-section elementor-element elementor-element-f2af542 elementor-section-full_width elementor-section-height-default elementor-section-height-default\" data-id=\"f2af542\" data-element_type=\"section\" data-settings=\"{&quot;background_background&quot;:&quot;classic&quot;}\">\n\t\t\t\t\t\t<div class=\"elementor-container elementor-column-gap-no\">\n\t\t\t\t\t<div class=\"elementor-column elementor-col-100 elementor-top-column elementor-element elementor-element-366a6b5\" data-id=\"366a6b5\" data-element_type=\"column\">\n\t\t\t<div class=\"elementor-widget-wrap elementor-element-populated\">\n\t\t\t\t\t\t<section class=\"elementor-section elementor-inner-section elementor-element elementor-element-b1416ce elementor-section-boxed elementor-section-height-default elementor-section-height-default\" data-id=\"b1416ce\" data-element_type=\"section\">\n\t\t\t\t\t\t<div class=\"elementor-container elementor-column-gap-default\">\n\t\t\t\t\t<div class=\"elementor-column elementor-col-50 elementor-inner-column elementor-element elementor-element-46c2c58\" data-id=\"46c2c58\" data-element_type=\"column\">\n\t\t\t<div class=\"elementor-widget-wrap elementor-element-populated\">\n\t\t\t\t\t\t<div class=\"elementor-element elementor-element-ef7c579 elementor-hidden-mobile elementor-widget elementor-widget-spacer\" data-id=\"ef7c579\" data-element_type=\"widget\" data-widget_type=\"spacer.default\">\n\t\t\t\t<div class=\"elementor-widget-container\">\n\t\t\t\t\t\t\t<div class=\"elementor-spacer\">\n\t\t\t<div class=\"elementor-spacer-inner\"><\/div>\n\t\t<\/div>\n\t\t\t\t\t\t<\/div>\n\t\t\t\t<\/div>\n\t\t\t\t<div class=\"elementor-element elementor-element-f5ce5e4 animated-slow elementor-invisible elementor-widget elementor-widget-image\" data-id=\"f5ce5e4\" data-element_type=\"widget\" data-settings=\"{&quot;_animation&quot;:&quot;bounceIn&quot;}\" data-widget_type=\"image.default\">\n\t\t\t\t<div class=\"elementor-widget-container\">\n\t\t\t\t\t\t\t\t\t\t\t\t\t\t\t<img fetchpriority=\"high\" decoding=\"async\" width=\"737\" height=\"620\" src=\"https:\/\/keepsprofissional.com.br\/wp-content\/uploads\/2021\/07\/Logo-Slogan.png\" class=\"attachment-large size-large wp-image-883\" alt=\"\" srcset=\"https:\/\/keepsprofissional.com.br\/wp-content\/uploads\/2021\/07\/Logo-Slogan.png 737w, https:\/\/keepsprofissional.com.br\/wp-content\/uploads\/2021\/07\/Logo-Slogan-300x252.png 300w\" sizes=\"(max-width: 737px) 100vw, 737px\" \/>\t\t\t\t\t\t\t\t\t\t\t\t\t\t\t<\/div>\n\t\t\t\t<\/div>\n\t\t\t\t<div class=\"elementor-element elementor-element-b0ceefb elementor-widget elementor-widget-spacer\" data-id=\"b0ceefb\" data-element_type=\"widget\" data-widget_type=\"spacer.default\">\n\t\t\t\t<div class=\"elementor-widget-container\">\n\t\t\t\t\t\t\t<div class=\"elementor-spacer\">\n\t\t\t<div class=\"elementor-spacer-inner\"><\/div>\n\t\t<\/div>\n\t\t\t\t\t\t<\/div>\n\t\t\t\t<\/div>\n\t\t\t\t\t<\/div>\n\t\t<\/div>\n\t\t\t\t<div class=\"elementor-column elementor-col-50 elementor-inner-column elementor-element elementor-element-da00945\" data-id=\"da00945\" data-element_type=\"column\">\n\t\t\t<div class=\"elementor-widget-wrap elementor-element-populated\">\n\t\t\t\t\t\t<div class=\"elementor-element elementor-element-c4729db elementor-widget elementor-widget-spacer\" data-id=\"c4729db\" data-element_type=\"widget\" data-widget_type=\"spacer.default\">\n\t\t\t\t<div class=\"elementor-widget-container\">\n\t\t\t\t\t\t\t<div class=\"elementor-spacer\">\n\t\t\t<div class=\"elementor-spacer-inner\"><\/div>\n\t\t<\/div>\n\t\t\t\t\t\t<\/div>\n\t\t\t\t<\/div>\n\t\t\t\t<div class=\"elementor-element elementor-element-c4c8630 elementor-widget elementor-widget-spacer\" data-id=\"c4c8630\" data-element_type=\"widget\" data-widget_type=\"spacer.default\">\n\t\t\t\t<div class=\"elementor-widget-container\">\n\t\t\t\t\t\t\t<div class=\"elementor-spacer\">\n\t\t\t<div class=\"elementor-spacer-inner\"><\/div>\n\t\t<\/div>\n\t\t\t\t\t\t<\/div>\n\t\t\t\t<\/div>\n\t\t\t\t\t<\/div>\n\t\t<\/div>\n\t\t\t\t\t<\/div>\n\t\t<\/section>\n\t\t\t\t\t<\/div>\n\t\t<\/div>\n\t\t\t\t\t<\/div>\n\t\t<\/section>\n\t\t\t\t<section class=\"elementor-section elementor-top-section elementor-element elementor-element-933a16b elementor-section-boxed elementor-section-height-default elementor-section-height-default\" data-id=\"933a16b\" data-element_type=\"section\">\n\t\t\t\t\t\t<div class=\"elementor-container elementor-column-gap-default\">\n\t\t\t\t\t<div class=\"elementor-column elementor-col-100 elementor-top-column elementor-element elementor-element-5c923e4\" data-id=\"5c923e4\" data-element_type=\"column\">\n\t\t\t<div class=\"elementor-widget-wrap elementor-element-populated\">\n\t\t\t\t\t\t<section class=\"elementor-section elementor-inner-section elementor-element elementor-element-bb2adbd elementor-section-boxed elementor-section-height-default elementor-section-height-default\" data-id=\"bb2adbd\" data-element_type=\"section\">\n\t\t\t\t\t\t<div class=\"elementor-container elementor-column-gap-default\">\n\t\t\t\t\t<div class=\"elementor-column elementor-col-100 elementor-inner-column elementor-element elementor-element-fec9d47\" data-id=\"fec9d47\" data-element_type=\"column\">\n\t\t\t<div class=\"elementor-widget-wrap elementor-element-populated\">\n\t\t\t\t\t\t<div class=\"elementor-element elementor-element-d37aba6 elementor-widget elementor-widget-heading\" data-id=\"d37aba6\" data-element_type=\"widget\" data-widget_type=\"heading.default\">\n\t\t\t\t<div class=\"elementor-widget-container\">\n\t\t\t\t\t<h2 class=\"elementor-heading-title elementor-size-default\">Quem Somos!<\/h2>\t\t\t\t<\/div>\n\t\t\t\t<\/div>\n\t\t\t\t\t<\/div>\n\t\t<\/div>\n\t\t\t\t\t<\/div>\n\t\t<\/section>\n\t\t\t\t<div class=\"elementor-element elementor-element-bd78192 elementor-widget elementor-widget-text-editor\" data-id=\"bd78192\" data-element_type=\"widget\" data-widget_type=\"text-editor.default\">\n\t\t\t\t<div class=\"elementor-widget-container\">\n\t\t\t\t\t\t\t\t\t<p>Keep`s Profissional, uma empresa reconhecida pela sua excel\u00eancia em cosm\u00e9ticos capilar. Destaca-se pelo constante lan\u00e7amento de produtos com conceitos e tecnologias mundiais<\/p><p>Os cabelos dizem muito sobre cada pessoa, e a Keep`s Profissional tem como objetivo cuidar dos cabelos na certeza de que a beleza \u00e9 um poder a ser revelado diariamente.<\/p><p>Keep`s Profissional, Mantendo a sua Beleza!<\/p>\t\t\t\t\t\t\t\t<\/div>\n\t\t\t\t<\/div>\n\t\t\t\t\t<\/div>\n\t\t<\/div>\n\t\t\t\t\t<\/div>\n\t\t<\/section>\n\t\t\t\t<section class=\"elementor-section elementor-top-section elementor-element elementor-element-8834bbb elementor-section-boxed elementor-section-height-default elementor-section-height-default elementor-invisible\" data-id=\"8834bbb\" data-element_type=\"section\" data-settings=\"{&quot;animation&quot;:&quot;fadeIn&quot;}\">\n\t\t\t\t\t\t<div class=\"elementor-container elementor-column-gap-default\">\n\t\t\t\t\t<div class=\"elementor-column elementor-col-100 elementor-top-column elementor-element elementor-element-ee63cab animated-fast elementor-invisible\" data-id=\"ee63cab\" data-element_type=\"column\" data-settings=\"{&quot;animation&quot;:&quot;fadeIn&quot;,&quot;animation_delay&quot;:100}\">\n\t\t\t<div class=\"elementor-widget-wrap elementor-element-populated\">\n\t\t\t\t\t\t<div class=\"elementor-element elementor-element-dfacc11 elementor-widget elementor-widget-heading\" data-id=\"dfacc11\" data-element_type=\"widget\" data-widget_type=\"heading.default\">\n\t\t\t\t<div class=\"elementor-widget-container\">\n\t\t\t\t\t<h2 class=\"elementor-heading-title elementor-size-default\">Miss\u00e3o<\/h2>\t\t\t\t<\/div>\n\t\t\t\t<\/div>\n\t\t\t\t<div class=\"elementor-element elementor-element-f778ee8 elementor-widget elementor-widget-text-editor\" data-id=\"f778ee8\" data-element_type=\"widget\" data-widget_type=\"text-editor.default\">\n\t\t\t\t<div class=\"elementor-widget-container\">\n\t\t\t\t\t\t\t\t\t<p>Garantir a plena satisfa\u00e7\u00e3o e bem estar de seus clientes, fabricando produtos de cosm\u00e9ticos de alta performance e promovendo a inova\u00e7\u00e3o, a m\u00e1xima efici\u00eancia, competitividade e responsabilidade socioambiental no desenvolvimento de uma marca mundialmente reconhecida pelo seu compromisso de buscar sempre a alian\u00e7a entre beleza e bem estar.<\/p>\t\t\t\t\t\t\t\t<\/div>\n\t\t\t\t<\/div>\n\t\t\t\t\t<\/div>\n\t\t<\/div>\n\t\t\t\t\t<\/div>\n\t\t<\/section>\n\t\t\t\t<section class=\"elementor-section elementor-top-section elementor-element elementor-element-c626a01 animated-slow elementor-section-boxed elementor-section-height-default elementor-section-height-default elementor-invisible\" data-id=\"c626a01\" data-element_type=\"section\" data-settings=\"{&quot;animation&quot;:&quot;fadeIn&quot;,&quot;animation_delay&quot;:50}\">\n\t\t\t\t\t\t<div class=\"elementor-container elementor-column-gap-default\">\n\t\t\t\t\t<div class=\"elementor-column elementor-col-100 elementor-top-column elementor-element elementor-element-5d4b933 animated-slow elementor-invisible\" data-id=\"5d4b933\" data-element_type=\"column\" data-settings=\"{&quot;animation&quot;:&quot;fadeIn&quot;,&quot;animation_delay&quot;:200}\">\n\t\t\t<div class=\"elementor-widget-wrap elementor-element-populated\">\n\t\t\t\t\t\t<div class=\"elementor-element elementor-element-e47b3d0 elementor-widget elementor-widget-heading\" data-id=\"e47b3d0\" data-element_type=\"widget\" data-widget_type=\"heading.default\">\n\t\t\t\t<div class=\"elementor-widget-container\">\n\t\t\t\t\t<h2 class=\"elementor-heading-title elementor-size-default\">Valores<\/h2>\t\t\t\t<\/div>\n\t\t\t\t<\/div>\n\t\t\t\t<div class=\"elementor-element elementor-element-c2c698b elementor-widget elementor-widget-text-editor\" data-id=\"c2c698b\" data-element_type=\"widget\" data-widget_type=\"text-editor.default\">\n\t\t\t\t<div class=\"elementor-widget-container\">\n\t\t\t\t\t\t\t\t\t<p>Car\u00e1ter, Compromisso, Salva\u00e7\u00e3o, Sacrif\u00edcio, Sabedoria e Excel\u00eancia em qualidade.<\/p>\t\t\t\t\t\t\t\t<\/div>\n\t\t\t\t<\/div>\n\t\t\t\t\t<\/div>\n\t\t<\/div>\n\t\t\t\t\t<\/div>\n\t\t<\/section>\n\t\t\t\t<section class=\"elementor-section elementor-top-section elementor-element elementor-element-9cefd00 elementor-section-boxed elementor-section-height-default elementor-section-height-default\" data-id=\"9cefd00\" data-element_type=\"section\">\n\t\t\t\t\t\t<div class=\"elementor-container elementor-column-gap-default\">\n\t\t\t\t\t<div class=\"elementor-column elementor-col-100 elementor-top-column elementor-element elementor-element-7a487c5\" data-id=\"7a487c5\" data-element_type=\"column\">\n\t\t\t<div class=\"elementor-widget-wrap elementor-element-populated\">\n\t\t\t\t\t\t<section class=\"elementor-section elementor-inner-section elementor-element elementor-element-a9bc869 elementor-section-boxed elementor-section-height-default elementor-section-height-default\" data-id=\"a9bc869\" data-element_type=\"section\">\n\t\t\t\t\t\t<div class=\"elementor-container elementor-column-gap-default\">\n\t\t\t\t\t<div class=\"elementor-column elementor-col-100 elementor-inner-column elementor-element elementor-element-1084838\" data-id=\"1084838\" data-element_type=\"column\">\n\t\t\t<div class=\"elementor-widget-wrap elementor-element-populated\">\n\t\t\t\t\t\t<div class=\"elementor-element elementor-element-d479a0d elementor-widget elementor-widget-heading\" data-id=\"d479a0d\" data-element_type=\"widget\" data-widget_type=\"heading.default\">\n\t\t\t\t<div class=\"elementor-widget-container\">\n\t\t\t\t\t<h2 class=\"elementor-heading-title elementor-size-default\">CONTROLE DE QUALIDADE<\/h2>\t\t\t\t<\/div>\n\t\t\t\t<\/div>\n\t\t\t\t\t<\/div>\n\t\t<\/div>\n\t\t\t\t\t<\/div>\n\t\t<\/section>\n\t\t\t\t<div class=\"elementor-element elementor-element-5e9c993 elementor-widget elementor-widget-text-editor\" data-id=\"5e9c993\" data-element_type=\"widget\" data-widget_type=\"text-editor.default\">\n\t\t\t\t<div class=\"elementor-widget-container\">\n\t\t\t\t\t\t\t\t\t<p>Todos os princ\u00edpios ativos presentes nas formula\u00e7\u00f5es dos produtos da KEEP`S PROFISSIONAL s\u00e3o extra\u00eddos da natureza de forma sustent\u00e1vel. O desenvolvimento\u00a0dos produtos acontece em laborat\u00f3rios sob um rigoroso controle de qualidade.\u00a0<\/p><p>Os produtos est\u00e3o de acordo com normas internacionais ISO 9000 e 9001.\u00a0Todos os produtos s\u00e3o biodegrad\u00e1veis\u00a0e n\u00e3o oferecem nenhum risco ao meio ambiente,\u00a0o que faz da KEEP`S PROFISSIONAL uma empresa ambientalmente correta.<\/p><p>Seus produtos s\u00e3o testados e aprovados nos laborat\u00f3rios e centros t\u00e9cnicos por uma\u00a0equipe multidisciplinar composta por farmac\u00eauticos, engenheiros qu\u00edmicos e\u00a0renomados hairstylist.<\/p>\t\t\t\t\t\t\t\t<\/div>\n\t\t\t\t<\/div>\n\t\t\t\t\t<\/div>\n\t\t<\/div>\n\t\t\t\t\t<\/div>\n\t\t<\/section>\n\t\t\t\t<section class=\"elementor-section elementor-top-section elementor-element elementor-element-1023263 elementor-section-boxed elementor-section-height-default elementor-section-height-default\" data-id=\"1023263\" data-element_type=\"section\">\n\t\t\t\t\t\t<div class=\"elementor-container elementor-column-gap-default\">\n\t\t\t\t\t<div class=\"elementor-column elementor-col-100 elementor-top-column elementor-element elementor-element-42f0907\" data-id=\"42f0907\" data-element_type=\"column\">\n\t\t\t<div class=\"elementor-widget-wrap elementor-element-populated\">\n\t\t\t\t\t\t<div class=\"elementor-element elementor-element-b71081c elementor-widget elementor-widget-spacer\" data-id=\"b71081c\" data-element_type=\"widget\" data-widget_type=\"spacer.default\">\n\t\t\t\t<div class=\"elementor-widget-container\">\n\t\t\t\t\t\t\t<div class=\"elementor-spacer\">\n\t\t\t<div class=\"elementor-spacer-inner\"><\/div>\n\t\t<\/div>\n\t\t\t\t\t\t<\/div>\n\t\t\t\t<\/div>\n\t\t\t\t\t<\/div>\n\t\t<\/div>\n\t\t\t\t\t<\/div>\n\t\t<\/section>\n\t\t\t\t<\/div>\n\t\t","protected":false},"excerpt":{"rendered":"<p>Quem Somos! Keep`s Profissional, uma empresa reconhecida pela sua excel\u00eancia em cosm\u00e9ticos capilar. Destaca-se pelo constante lan\u00e7amento de produtos com conceitos e tecnologias mundiais Os cabelos dizem muito sobre cada pessoa, e a Keep`s Profissional tem como objetivo cuidar dos cabelos na certeza de que a beleza \u00e9 um poder a ser revelado diariamente. Keep`s [&hellip;]<\/p>\n","protected":false},"author":1,"featured_media":0,"parent":0,"menu_order":0,"comment_status":"closed","ping_status":"closed","template":"elementor_header_footer","meta":{"footnotes":""},"class_list":["post-654","page","type-page","status-publish","hentry"],"yoast_head":"<!-- This site is optimized with the Yoast SEO plugin v26.8 - https:\/\/yoast.com\/product\/yoast-seo-wordpress\/ -->\n<title>Quem Somos - Keep&#039;s Profissional<\/title>\n<meta name=\"robots\" content=\"index, follow, max-snippet:-1, max-image-preview:large, max-video-preview:-1\" \/>\n<link rel=\"canonical\" href=\"https:\/\/keepsprofissional.com.br\/?page_id=654\" \/>\n<meta property=\"og:locale\" content=\"pt_BR\" \/>\n<meta property=\"og:type\" content=\"article\" \/>\n<meta property=\"og:title\" content=\"Quem Somos - Keep&#039;s Profissional\" \/>\n<meta property=\"og:description\" content=\"Quem Somos! Keep`s Profissional, uma empresa reconhecida pela sua excel\u00eancia em cosm\u00e9ticos capilar. Destaca-se pelo constante lan\u00e7amento de produtos com conceitos e tecnologias mundiais Os cabelos dizem muito sobre cada pessoa, e a Keep`s Profissional tem como objetivo cuidar dos cabelos na certeza de que a beleza \u00e9 um poder a ser revelado diariamente. Keep`s [&hellip;]\" \/>\n<meta property=\"og:url\" content=\"https:\/\/keepsprofissional.com.br\/?page_id=654\" \/>\n<meta property=\"og:site_name\" content=\"Keep&#039;s Profissional\" \/>\n<meta property=\"article:modified_time\" content=\"2021-09-03T12:07:06+00:00\" \/>\n<meta property=\"og:image\" content=\"http:\/\/keepsprofissional.com.br\/wp-content\/uploads\/2021\/07\/Logo-Slogan.png\" \/>\n<meta name=\"twitter:card\" content=\"summary_large_image\" \/>\n<meta name=\"twitter:label1\" content=\"Est. tempo de leitura\" \/>\n\t<meta name=\"twitter:data1\" content=\"2 minutos\" \/>\n<script type=\"application\/ld+json\" class=\"yoast-schema-graph\">{\"@context\":\"https:\/\/schema.org\",\"@graph\":[{\"@type\":\"WebPage\",\"@id\":\"https:\/\/keepsprofissional.com.br\/?page_id=654\",\"url\":\"https:\/\/keepsprofissional.com.br\/?page_id=654\",\"name\":\"Quem Somos - Keep&#039;s Profissional\",\"isPartOf\":{\"@id\":\"https:\/\/keepsprofissional.com.br\/#website\"},\"primaryImageOfPage\":{\"@id\":\"https:\/\/keepsprofissional.com.br\/?page_id=654#primaryimage\"},\"image\":{\"@id\":\"https:\/\/keepsprofissional.com.br\/?page_id=654#primaryimage\"},\"thumbnailUrl\":\"http:\/\/keepsprofissional.com.br\/wp-content\/uploads\/2021\/07\/Logo-Slogan.png\",\"datePublished\":\"2021-07-13T13:13:23+00:00\",\"dateModified\":\"2021-09-03T12:07:06+00:00\",\"breadcrumb\":{\"@id\":\"https:\/\/keepsprofissional.com.br\/?page_id=654#breadcrumb\"},\"inLanguage\":\"pt-BR\",\"potentialAction\":[{\"@type\":\"ReadAction\",\"target\":[\"https:\/\/keepsprofissional.com.br\/?page_id=654\"]}]},{\"@type\":\"ImageObject\",\"inLanguage\":\"pt-BR\",\"@id\":\"https:\/\/keepsprofissional.com.br\/?page_id=654#primaryimage\",\"url\":\"https:\/\/keepsprofissional.com.br\/wp-content\/uploads\/2021\/07\/Logo-Slogan.png\",\"contentUrl\":\"https:\/\/keepsprofissional.com.br\/wp-content\/uploads\/2021\/07\/Logo-Slogan.png\",\"width\":737,\"height\":620},{\"@type\":\"BreadcrumbList\",\"@id\":\"https:\/\/keepsprofissional.com.br\/?page_id=654#breadcrumb\",\"itemListElement\":[{\"@type\":\"ListItem\",\"position\":1,\"name\":\"In\u00edcio\",\"item\":\"https:\/\/keepsprofissional.com.br\/\"},{\"@type\":\"ListItem\",\"position\":2,\"name\":\"Quem Somos\"}]},{\"@type\":\"WebSite\",\"@id\":\"https:\/\/keepsprofissional.com.br\/#website\",\"url\":\"https:\/\/keepsprofissional.com.br\/\",\"name\":\"Keep&#039;s Profissional\",\"description\":\"Mantendo a sua Beleza!\",\"publisher\":{\"@id\":\"https:\/\/keepsprofissional.com.br\/#organization\"},\"potentialAction\":[{\"@type\":\"SearchAction\",\"target\":{\"@type\":\"EntryPoint\",\"urlTemplate\":\"https:\/\/keepsprofissional.com.br\/?s={search_term_string}\"},\"query-input\":{\"@type\":\"PropertyValueSpecification\",\"valueRequired\":true,\"valueName\":\"search_term_string\"}}],\"inLanguage\":\"pt-BR\"},{\"@type\":\"Organization\",\"@id\":\"https:\/\/keepsprofissional.com.br\/#organization\",\"name\":\"Keep's Profissional\",\"url\":\"https:\/\/keepsprofissional.com.br\/\",\"logo\":{\"@type\":\"ImageObject\",\"inLanguage\":\"pt-BR\",\"@id\":\"https:\/\/keepsprofissional.com.br\/#\/schema\/logo\/image\/\",\"url\":\"http:\/\/keepsprofissional.com.br\/wp-content\/uploads\/2021\/07\/FavIcon.jpg\",\"contentUrl\":\"http:\/\/keepsprofissional.com.br\/wp-content\/uploads\/2021\/07\/FavIcon.jpg\",\"width\":500,\"height\":504,\"caption\":\"Keep's Profissional\"},\"image\":{\"@id\":\"https:\/\/keepsprofissional.com.br\/#\/schema\/logo\/image\/\"}}]}<\/script>\n<!-- \/ Yoast SEO plugin. -->","yoast_head_json":{"title":"Quem Somos - Keep&#039;s Profissional","robots":{"index":"index","follow":"follow","max-snippet":"max-snippet:-1","max-image-preview":"max-image-preview:large","max-video-preview":"max-video-preview:-1"},"canonical":"https:\/\/keepsprofissional.com.br\/?page_id=654","og_locale":"pt_BR","og_type":"article","og_title":"Quem Somos - Keep&#039;s Profissional","og_description":"Quem Somos! Keep`s Profissional, uma empresa reconhecida pela sua excel\u00eancia em cosm\u00e9ticos capilar. Destaca-se pelo constante lan\u00e7amento de produtos com conceitos e tecnologias mundiais Os cabelos dizem muito sobre cada pessoa, e a Keep`s Profissional tem como objetivo cuidar dos cabelos na certeza de que a beleza \u00e9 um poder a ser revelado diariamente. Keep`s [&hellip;]","og_url":"https:\/\/keepsprofissional.com.br\/?page_id=654","og_site_name":"Keep&#039;s Profissional","article_modified_time":"2021-09-03T12:07:06+00:00","og_image":[{"url":"http:\/\/keepsprofissional.com.br\/wp-content\/uploads\/2021\/07\/Logo-Slogan.png","type":"","width":"","height":""}],"twitter_card":"summary_large_image","twitter_misc":{"Est. tempo de leitura":"2 minutos"},"schema":{"@context":"https:\/\/schema.org","@graph":[{"@type":"WebPage","@id":"https:\/\/keepsprofissional.com.br\/?page_id=654","url":"https:\/\/keepsprofissional.com.br\/?page_id=654","name":"Quem Somos - Keep&#039;s Profissional","isPartOf":{"@id":"https:\/\/keepsprofissional.com.br\/#website"},"primaryImageOfPage":{"@id":"https:\/\/keepsprofissional.com.br\/?page_id=654#primaryimage"},"image":{"@id":"https:\/\/keepsprofissional.com.br\/?page_id=654#primaryimage"},"thumbnailUrl":"http:\/\/keepsprofissional.com.br\/wp-content\/uploads\/2021\/07\/Logo-Slogan.png","datePublished":"2021-07-13T13:13:23+00:00","dateModified":"2021-09-03T12:07:06+00:00","breadcrumb":{"@id":"https:\/\/keepsprofissional.com.br\/?page_id=654#breadcrumb"},"inLanguage":"pt-BR","potentialAction":[{"@type":"ReadAction","target":["https:\/\/keepsprofissional.com.br\/?page_id=654"]}]},{"@type":"ImageObject","inLanguage":"pt-BR","@id":"https:\/\/keepsprofissional.com.br\/?page_id=654#primaryimage","url":"https:\/\/keepsprofissional.com.br\/wp-content\/uploads\/2021\/07\/Logo-Slogan.png","contentUrl":"https:\/\/keepsprofissional.com.br\/wp-content\/uploads\/2021\/07\/Logo-Slogan.png","width":737,"height":620},{"@type":"BreadcrumbList","@id":"https:\/\/keepsprofissional.com.br\/?page_id=654#breadcrumb","itemListElement":[{"@type":"ListItem","position":1,"name":"In\u00edcio","item":"https:\/\/keepsprofissional.com.br\/"},{"@type":"ListItem","position":2,"name":"Quem Somos"}]},{"@type":"WebSite","@id":"https:\/\/keepsprofissional.com.br\/#website","url":"https:\/\/keepsprofissional.com.br\/","name":"Keep&#039;s Profissional","description":"Mantendo a sua Beleza!","publisher":{"@id":"https:\/\/keepsprofissional.com.br\/#organization"},"potentialAction":[{"@type":"SearchAction","target":{"@type":"EntryPoint","urlTemplate":"https:\/\/keepsprofissional.com.br\/?s={search_term_string}"},"query-input":{"@type":"PropertyValueSpecification","valueRequired":true,"valueName":"search_term_string"}}],"inLanguage":"pt-BR"},{"@type":"Organization","@id":"https:\/\/keepsprofissional.com.br\/#organization","name":"Keep's Profissional","url":"https:\/\/keepsprofissional.com.br\/","logo":{"@type":"ImageObject","inLanguage":"pt-BR","@id":"https:\/\/keepsprofissional.com.br\/#\/schema\/logo\/image\/","url":"http:\/\/keepsprofissional.com.br\/wp-content\/uploads\/2021\/07\/FavIcon.jpg","contentUrl":"http:\/\/keepsprofissional.com.br\/wp-content\/uploads\/2021\/07\/FavIcon.jpg","width":500,"height":504,"caption":"Keep's Profissional"},"image":{"@id":"https:\/\/keepsprofissional.com.br\/#\/schema\/logo\/image\/"}}]}},"_links":{"self":[{"href":"https:\/\/keepsprofissional.com.br\/index.php?rest_route=\/wp\/v2\/pages\/654","targetHints":{"allow":["GET"]}}],"collection":[{"href":"https:\/\/keepsprofissional.com.br\/index.php?rest_route=\/wp\/v2\/pages"}],"about":[{"href":"https:\/\/keepsprofissional.com.br\/index.php?rest_route=\/wp\/v2\/types\/page"}],"author":[{"embeddable":true,"href":"https:\/\/keepsprofissional.com.br\/index.php?rest_route=\/wp\/v2\/users\/1"}],"replies":[{"embeddable":true,"href":"https:\/\/keepsprofissional.com.br\/index.php?rest_route=%2Fwp%2Fv2%2Fcomments&post=654"}],"version-history":[{"count":0,"href":"https:\/\/keepsprofissional.com.br\/index.php?rest_route=\/wp\/v2\/pages\/654\/revisions"}],"wp:attachment":[{"href":"https:\/\/keepsprofissional.com.br\/index.php?rest_route=%2Fwp%2Fv2%2Fmedia&parent=654"}],"curies":[{"name":"wp","href":"https:\/\/api.w.org\/{rel}","templated":true}]}}